{"id":4461,"date":"2013-08-19T13:02:52","date_gmt":"2013-08-19T13:02:52","guid":{"rendered":"http:\/\/192.168.1.121\/wordpress.mu\/wordspace\/?page_id=4461"},"modified":"2022-08-08T20:45:50","modified_gmt":"2022-08-08T17:45:50","slug":"iletisim","status":"publish","type":"page","link":"https:\/\/www.celikcizgi.com.tr\/en\/iletisim\/","title":{"rendered":"CONTACT"},"content":{"rendered":"<p><iframe loading=\"lazy\" style=\"border: 0;\" src=\"https:\/\/www.google.com\/maps\/embed?pb=!1m18!1m12!1m3!1d96405.31284796841!2d29.049714592959727!3d40.966894597956575!2m3!1f0!2f0!3f0!3m2!1i1024!2i768!4f13.1!3m3!1m2!1s0x0%3A0xeec6fe0f42ec939e!2zw4dlbGlrIMOHaXpnaSBNaW1hcmzEsWs!5e0!3m2!1str!2str!4v1541056647455\" width=\"100%\" height=\"300\" frameborder=\"0\" allowfullscreen=\"allowfullscreen\"><\/iframe><\/p>\n<div class=\"clearfix divider-common divider-blank\" style=\"padding-top:20px;padding-bottom:20px;\"><\/div>\n<p><center><br \/>\n<span style=\"color: black;\"><b>\u00c7EL\u0130K \u00c7\u0130ZG\u0130 M\u0130MARLIK \u0130N\u015e. SAN. T\u0130C. LTD. \u015eT\u0130.<\/b><\/span><br \/>\n<span style=\"color: black;\">KKuzguncuk Mah. T\u00fcts\u00fcl\u00fc Sok. No;6 P.K 34674 \u00dcsk\u00fcdar \/ \u00a0ISTANBUL \/ TURKEY<br \/>\n+90 216 384 09 56 &#8211; +90 216 384 09 77<\/span><br \/>\n<a href=\"mailto:celikcizgi@celikcizgi.com.tr\">celikcizgi@celikcizgi.com.tr<\/a><\/center><\/p>","protected":false},"excerpt":{"rendered":"<p>\u00c7EL\u0130K \u00c7\u0130ZG\u0130 M\u0130MARLIK \u0130N\u015e. SAN. T\u0130C. LTD. \u015eT\u0130. KKuzguncuk Mah. T\u00fcts\u00fcl\u00fc Sok. No;6 P.K 34674 \u00dcsk\u00fcdar \/ \u00a0ISTANBUL \/ TURKEY +90 216 384 09 56 &#8211; +90 216 384 09 77 celikcizgi@celikcizgi.com.tr<\/p>\n","protected":false},"author":1,"featured_media":0,"parent":0,"menu_order":0,"comment_status":"open","ping_status":"open","template":"","meta":[],"_links":{"self":[{"href":"https:\/\/www.celikcizgi.com.tr\/en\/wp-json\/wp\/v2\/pages\/4461"}],"collection":[{"href":"https:\/\/www.celikcizgi.com.tr\/en\/wp-json\/wp\/v2\/pages"}],"about":[{"href":"https:\/\/www.celikcizgi.com.tr\/en\/wp-json\/wp\/v2\/types\/page"}],"author":[{"embeddable":true,"href":"https:\/\/www.celikcizgi.com.tr\/en\/wp-json\/wp\/v2\/users\/1"}],"replies":[{"embeddable":true,"href":"https:\/\/www.celikcizgi.com.tr\/en\/wp-json\/wp\/v2\/comments?post=4461"}],"version-history":[{"count":47,"href":"https:\/\/www.celikcizgi.com.tr\/en\/wp-json\/wp\/v2\/pages\/4461\/revisions"}],"predecessor-version":[{"id":6520,"href":"https:\/\/www.celikcizgi.com.tr\/en\/wp-json\/wp\/v2\/pages\/4461\/revisions\/6520"}],"wp:attachment":[{"href":"https:\/\/www.celikcizgi.com.tr\/en\/wp-json\/wp\/v2\/media?parent=4461"}],"curies":[{"name":"wp","href":"https:\/\/api.w.org\/{rel}","templated":true}]}}